{"id":2081,"date":"2026-04-21T16:01:30","date_gmt":"2026-04-21T16:01:30","guid":{"rendered":"https:\/\/flaxuruguay.com\/web\/?post_type=product&#038;p=2081"},"modified":"2026-04-21T16:23:13","modified_gmt":"2026-04-21T16:23:13","slug":"hvc-260t-1d","status":"publish","type":"product","link":"https:\/\/flaxuruguay.com\/web\/producto\/hvc-260t-1d\/","title":{"rendered":"HVC-260T\/1D"},"content":{"rendered":"<p><img decoding=\"async\" class=\"alignnone wp-image-809 size-full\" src=\"https:\/\/flaxuruguay.com\/web\/wp-content\/uploads\/2021\/03\/logo_01-e1616980778794.png\" alt=\"\" width=\"150\" height=\"79\" \/><\/p>\n<p><strong>Envasadora de vac\u00edo de mesada. HVC-260T\/1D<\/strong><\/p>\n<p><strong>C\u00e1mara extra profunda, placa inclinada para l\u00edquidos y doble l\u00ednea de vac\u00edo.<br \/>\nIdeal para alimentos o frascos. Seguridad, eficiencia y versatilidad en un solo equipo.<\/strong><\/p>\n<div>Sellado al vac\u00edo con m\u00e1xima profundidad y precisi\u00f3n<\/div>\n<ul>\n<li>Modos multitrabajo: sellado al vac\u00edo de bolsas\/tarros,<br \/>\nvac\u00edo externo, bomba de vac\u00edo autolimpiante<\/li>\n<li>Con plato inclinado para productos l\u00edquidos o en polvo.<\/li>\n<li>L\u00edneas de sellado dobles para un sellado m\u00e1s fuerte.<\/li>\n<li>Con tubo de aspiraci\u00f3n para vac\u00edo externo.<\/li>\n<\/ul>\n","protected":false},"excerpt":{"rendered":"<p>Envasadora de vac\u00edo de mesada. Modelo HVC-260T\/1D. C\u00e1mara extra profunda, placa inclinada para l\u00edquidos y doble l\u00ednea de vac\u00edo. Ideal para alimentos o frascos. Seguridad, eficiencia y versatilidad en un solo equipo.<\/p>\n[embed]https:\/\/www.youtube.com\/watch?v=hHnsPO3SdSg[\/embed]\n<p>&nbsp;<\/p>\n","protected":false},"featured_media":2085,"comment_status":"closed","ping_status":"closed","template":"","meta":[],"product_brand":[],"product_cat":[87,88,30],"product_tag":[],"class_list":{"0":"post-2081","1":"product","2":"type-product","3":"status-publish","4":"has-post-thumbnail","6":"product_cat-envasadoras-de-vacio","7":"product_cat-flax-envasadoras-de-vacio","8":"product_cat-envasadoras","10":"first","11":"instock","12":"shipping-taxable","13":"product-type-simple"},"_links":{"self":[{"href":"https:\/\/flaxuruguay.com\/web\/wp-json\/wp\/v2\/product\/2081","targetHints":{"allow":["GET"]}}],"collection":[{"href":"https:\/\/flaxuruguay.com\/web\/wp-json\/wp\/v2\/product"}],"about":[{"href":"https:\/\/flaxuruguay.com\/web\/wp-json\/wp\/v2\/types\/product"}],"replies":[{"embeddable":true,"href":"https:\/\/flaxuruguay.com\/web\/wp-json\/wp\/v2\/comments?post=2081"}],"wp:featuredmedia":[{"embeddable":true,"href":"https:\/\/flaxuruguay.com\/web\/wp-json\/wp\/v2\/media\/2085"}],"wp:attachment":[{"href":"https:\/\/flaxuruguay.com\/web\/wp-json\/wp\/v2\/media?parent=2081"}],"wp:term":[{"taxonomy":"product_brand","embeddable":true,"href":"https:\/\/flaxuruguay.com\/web\/wp-json\/wp\/v2\/product_brand?post=2081"},{"taxonomy":"product_cat","embeddable":true,"href":"https:\/\/flaxuruguay.com\/web\/wp-json\/wp\/v2\/product_cat?post=2081"},{"taxonomy":"product_tag","embeddable":true,"href":"https:\/\/flaxuruguay.com\/web\/wp-json\/wp\/v2\/product_tag?post=2081"}],"curies":[{"name":"wp","href":"https:\/\/api.w.org\/{rel}","templated":true}]}}