{"id":591,"date":"2021-02-10T16:25:52","date_gmt":"2021-02-10T16:25:52","guid":{"rendered":"https:\/\/flaxuruguay.com\/web\/?post_type=product&#038;p=591"},"modified":"2021-02-10T19:58:49","modified_gmt":"2021-02-10T19:58:49","slug":"jet-stamp-graphic-970","status":"publish","type":"product","link":"https:\/\/flaxuruguay.com\/web\/producto\/jet-stamp-graphic-970\/","title":{"rendered":"Jet Stamp Graphic 970"},"content":{"rendered":"<p><strong><img decoding=\"async\" class=\"alignnone size-medium wp-image-593\" src=\"https:\/\/flaxuruguay.com\/web\/wp-content\/uploads\/2021\/02\/LOGO-REINER.jpg\" alt=\"\" width=\"213\" height=\"37\" \/><br \/>\nM\u00f3vil, f\u00e1cil de manejar y de programar.<\/strong><\/p>\n<p>Sello electr\u00f3nico port\u00e1til \u00fatil para gran variedad de aplicaciones<br \/>\nNo da\u00f1a la superf\u00edcie a marcar<br \/>\nPosicionamiento variable de la impresi\u00f3n<\/p>\n<p>La impresi\u00f3n se activa pulsando el bot\u00f3n en el mango<br \/>\nFuncionamiento con bater\u00eda para una mayor autonom\u00eda<\/p>\n<p>Puede imprimir cualquier informacion como puede ser fecha de envasado, vencimiento, lotes, logos, codigos de barra, codigos QR, Datamatrix, etc\u2026<\/p>\n<p>\u00b7\u00a0\u00a0\u00a0\u00a0\u00a0\u00a0\u00a0Tipo de impresi\u00f3n: Cartuchos de tinta Ink Jet a base de agua o solvente.<br \/>\n\u00b7\u00a0 \u00a0 \u00a0 \u00a0Area de impresi\u00f3n: 65 x 12,7mm ( LxA )<br \/>\n\u00b7\u00a0\u00a0\u00a0\u00a0\u00a0\u00a0\u00a0Tama\u00f1o del texto: Regulable<br \/>\n\u00b7\u00a0\u00a0\u00a0\u00a0\u00a0\u00a0\u00a0Inalambrico con pilas recargables<br \/>\n\u00b7\u00a0\u00a0\u00a0\u00a0\u00a0\u00a0\u00a0Transferencia de mensajes por cable USB o Bluetooth.<br \/>\n\u00b7\u00a0\u00a0\u00a0\u00a0\u00a0\u00a0\u00a0F\u00e1cil de usar<\/p>\n<p>Muestras de impresi\u00f3n:<\/p>\n<p><img decoding=\"async\" class=\"alignnone size-full wp-image-597\" src=\"https:\/\/flaxuruguay.com\/web\/wp-content\/uploads\/2021\/02\/JET-STAMP-GRAPHIC-970_03.jpg\" alt=\"\" width=\"156\" height=\"36\" srcset=\"https:\/\/flaxuruguay.com\/web\/wp-content\/uploads\/2021\/02\/JET-STAMP-GRAPHIC-970_03.jpg 156w, https:\/\/flaxuruguay.com\/web\/wp-content\/uploads\/2021\/02\/JET-STAMP-GRAPHIC-970_03-150x36.jpg 150w\" sizes=\"(max-width: 156px) 100vw, 156px\" \/> <img decoding=\"async\" class=\"alignnone size-full wp-image-598\" src=\"https:\/\/flaxuruguay.com\/web\/wp-content\/uploads\/2021\/02\/JET-STAMP-GRAPHIC-970_04.jpg\" alt=\"\" width=\"131\" height=\"36\" \/> \u00a0<img loading=\"lazy\" decoding=\"async\" class=\"alignnone size-full wp-image-592\" src=\"https:\/\/flaxuruguay.com\/web\/wp-content\/uploads\/2021\/02\/JET-STAMP-GRAPHIC-970_05.jpg\" alt=\"\" width=\"124\" height=\"27\" \/><\/p>\n","protected":false},"excerpt":{"rendered":"<p><img loading=\"lazy\" decoding=\"async\" class=\"alignnone size-full wp-image-594\" src=\"https:\/\/flaxuruguay.com\/web\/wp-content\/uploads\/2021\/02\/MADE-IN-GERMANY.png\" alt=\"\" width=\"82\" height=\"47\" \/><\/p>\n<p>Equipo codificador inkjet manual.<br \/>\nImpresora Ink Jet manual para la codificacion en superficies absorventes y no absorventes.<\/p>\n","protected":false},"featured_media":595,"comment_status":"closed","ping_status":"closed","template":"","meta":[],"product_brand":[],"product_cat":[37,29,19],"product_tag":[],"class_list":{"0":"post-591","1":"product","2":"type-product","3":"status-publish","4":"has-post-thumbnail","6":"product_cat-reiner","7":"product_cat-fechadoras-y-codificadoras","8":"product_cat-inkjet","10":"first","11":"instock","12":"shipping-taxable","13":"product-type-simple"},"_links":{"self":[{"href":"https:\/\/flaxuruguay.com\/web\/wp-json\/wp\/v2\/product\/591","targetHints":{"allow":["GET"]}}],"collection":[{"href":"https:\/\/flaxuruguay.com\/web\/wp-json\/wp\/v2\/product"}],"about":[{"href":"https:\/\/flaxuruguay.com\/web\/wp-json\/wp\/v2\/types\/product"}],"replies":[{"embeddable":true,"href":"https:\/\/flaxuruguay.com\/web\/wp-json\/wp\/v2\/comments?post=591"}],"wp:featuredmedia":[{"embeddable":true,"href":"https:\/\/flaxuruguay.com\/web\/wp-json\/wp\/v2\/media\/595"}],"wp:attachment":[{"href":"https:\/\/flaxuruguay.com\/web\/wp-json\/wp\/v2\/media?parent=591"}],"wp:term":[{"taxonomy":"product_brand","embeddable":true,"href":"https:\/\/flaxuruguay.com\/web\/wp-json\/wp\/v2\/product_brand?post=591"},{"taxonomy":"product_cat","embeddable":true,"href":"https:\/\/flaxuruguay.com\/web\/wp-json\/wp\/v2\/product_cat?post=591"},{"taxonomy":"product_tag","embeddable":true,"href":"https:\/\/flaxuruguay.com\/web\/wp-json\/wp\/v2\/product_tag?post=591"}],"curies":[{"name":"wp","href":"https:\/\/api.w.org\/{rel}","templated":true}]}}