{"id":600,"date":"2021-02-10T19:59:24","date_gmt":"2021-02-10T19:59:24","guid":{"rendered":"https:\/\/flaxuruguay.com\/web\/?post_type=product&#038;p=600"},"modified":"2021-02-10T20:04:33","modified_gmt":"2021-02-10T20:04:33","slug":"jet-stamp-graphic-1025","status":"publish","type":"product","link":"https:\/\/flaxuruguay.com\/web\/producto\/jet-stamp-graphic-1025\/","title":{"rendered":"Jet Stamp Graphic 1025"},"content":{"rendered":"<p><strong><img decoding=\"async\" class=\"alignnone size-medium wp-image-593\" src=\"https:\/\/flaxuruguay.com\/web\/wp-content\/uploads\/2021\/02\/LOGO-REINER.jpg\" alt=\"\" width=\"213\" height=\"37\" \/><br \/>\nM\u00f3vil, f\u00e1cil de manejar y de programar.<\/strong><\/p>\n<p>Es el codificador manual con mayor desempe\u00f1o y capacidad de impresi\u00f3n.<br \/>\nSello electr\u00f3nico port\u00e1til \u00fatil para gran variedad de aplicaciones<br \/>\nNo da\u00f1a la superf\u00edcie a marcar<br \/>\nPosicionamiento variable de la impresi\u00f3n<\/p>\n<p>La impresi\u00f3n se activa pulsando el bot\u00f3n central o a los laterales del mango<br \/>\nFuncionamiento con bater\u00eda para una mayor autonom\u00eda<\/p>\n<p>Puede imprimir cualquier informacion como puede ser fecha de envasado, vencimiento, lotes, logos, codigos de barra, codigos QR, Datamatrix, etc\u2026<\/p>\n<p>\u00b7\u00a0\u00a0\u00a0\u00a0\u00a0\u00a0\u00a0 Tipo de impresi\u00f3n: Cartuchos de tinta Ink Jet a base de agua o solvente.<br \/>\n\u00b7\u00a0 \u00a0 \u00a0 \u00a0 Area de impresi\u00f3n: 85 x 25mm ( LxA )<br \/>\n\u00b7\u00a0\u00a0\u00a0\u00a0\u00a0\u00a0\u00a0 Tama\u00f1o del texto: Regulable<br \/>\n\u00b7\u00a0\u00a0\u00a0\u00a0\u00a0\u00a0\u00a0 Inalambrico con pilas recargables<br \/>\n\u00b7\u00a0\u00a0\u00a0\u00a0\u00a0\u00a0\u00a0 Transferencia de mensajes por cable USB o Bluetooth.<br \/>\n\u00b7\u00a0\u00a0\u00a0\u00a0\u00a0\u00a0\u00a0 Facil de usar<\/p>\n<p>Muestras de impresi\u00f3n:<\/p>\n<p><img decoding=\"async\" class=\"alignnone size-medium wp-image-605\" src=\"https:\/\/flaxuruguay.com\/web\/wp-content\/uploads\/2021\/02\/Jet-Stamp-Graphic-1025-05.jpg\" alt=\"\" width=\"131\" height=\"37\" \/> <img decoding=\"async\" class=\"alignnone size-medium wp-image-606\" src=\"https:\/\/flaxuruguay.com\/web\/wp-content\/uploads\/2021\/02\/Jet-Stamp-Graphic-1025-06.jpg\" alt=\"\" width=\"124\" height=\"27\" \/> <img loading=\"lazy\" decoding=\"async\" class=\"alignnone size-medium wp-image-607\" src=\"https:\/\/flaxuruguay.com\/web\/wp-content\/uploads\/2021\/02\/Jet-Stamp-Graphic-1025-04.jpg\" alt=\"\" width=\"178\" height=\"56\" \/><\/p>\n","protected":false},"excerpt":{"rendered":"<p><img loading=\"lazy\" decoding=\"async\" class=\"alignnone size-full wp-image-594\" src=\"https:\/\/flaxuruguay.com\/web\/wp-content\/uploads\/2021\/02\/MADE-IN-GERMANY.png\" alt=\"\" width=\"82\" height=\"47\" \/><\/p>\n<p>Equipo codificador inkjet manual.<br \/>\nImpresora Ink Jet manual para la codificacion en superficies absorventes y no absorventes.<\/p>\n","protected":false},"featured_media":601,"comment_status":"closed","ping_status":"closed","template":"","meta":[],"product_brand":[],"product_cat":[37,29,19],"product_tag":[],"class_list":{"0":"post-600","1":"product","2":"type-product","3":"status-publish","4":"has-post-thumbnail","6":"product_cat-reiner","7":"product_cat-fechadoras-y-codificadoras","8":"product_cat-inkjet","10":"first","11":"instock","12":"shipping-taxable","13":"product-type-simple"},"_links":{"self":[{"href":"https:\/\/flaxuruguay.com\/web\/wp-json\/wp\/v2\/product\/600","targetHints":{"allow":["GET"]}}],"collection":[{"href":"https:\/\/flaxuruguay.com\/web\/wp-json\/wp\/v2\/product"}],"about":[{"href":"https:\/\/flaxuruguay.com\/web\/wp-json\/wp\/v2\/types\/product"}],"replies":[{"embeddable":true,"href":"https:\/\/flaxuruguay.com\/web\/wp-json\/wp\/v2\/comments?post=600"}],"wp:featuredmedia":[{"embeddable":true,"href":"https:\/\/flaxuruguay.com\/web\/wp-json\/wp\/v2\/media\/601"}],"wp:attachment":[{"href":"https:\/\/flaxuruguay.com\/web\/wp-json\/wp\/v2\/media?parent=600"}],"wp:term":[{"taxonomy":"product_brand","embeddable":true,"href":"https:\/\/flaxuruguay.com\/web\/wp-json\/wp\/v2\/product_brand?post=600"},{"taxonomy":"product_cat","embeddable":true,"href":"https:\/\/flaxuruguay.com\/web\/wp-json\/wp\/v2\/product_cat?post=600"},{"taxonomy":"product_tag","embeddable":true,"href":"https:\/\/flaxuruguay.com\/web\/wp-json\/wp\/v2\/product_tag?post=600"}],"curies":[{"name":"wp","href":"https:\/\/api.w.org\/{rel}","templated":true}]}}