{"id":628,"date":"2021-02-12T13:12:07","date_gmt":"2021-02-12T13:12:07","guid":{"rendered":"https:\/\/flaxuruguay.com\/web\/?post_type=product&#038;p=628"},"modified":"2021-02-12T13:13:52","modified_gmt":"2021-02-12T13:13:52","slug":"svm53c","status":"publish","type":"product","link":"https:\/\/flaxuruguay.com\/web\/producto\/svm53c\/","title":{"rendered":"SVM53C"},"content":{"rendered":"<p><img decoding=\"async\" class=\"alignnone size-full wp-image-619\" src=\"https:\/\/flaxuruguay.com\/web\/wp-content\/uploads\/2021\/02\/savema-logo.png\" alt=\"Logo SAVEMA\" width=\"190\" height=\"29\" \/><\/p>\n<p>Es una codificadora ideal para ser instalada en envasadoras continuas tipo Flow Pack.<br \/>\nPermite una variedad de informaci\u00f3n muy amplia<br \/>\nPuede imprimir cualquier informaci\u00f3n como puede ser fecha de envasado, vencimiento, lotes, logos, c\u00f3digos de barra, c\u00f3digos QR, Datamatrix, etc\u2026<\/p>\n<p>Con casette porta ribbon extra\u00edble, mejorando notoriamente los tiempos de parada por cambio de ribbon.<\/p>\n<p>\u00b7\u00a0\u00a0\u00a0\u00a0\u00a0\u00a0\u00a0 Area de impresi\u00f3n: 53mm x 125mm. ( Opcional 53 x 500mm)<br \/>\n\u00b7\u00a0\u00a0\u00a0\u00a0\u00a0\u00a0\u00a0 Velocidad de impresi\u00f3n 10-1000 mm\/seg. Hasta 600 impresiones\/ minuto<br \/>\n\u00b7\u00a0\u00a0\u00a0\u00a0\u00a0\u00a0\u00a0 Resoluci\u00f3n 12 puntos\/mm (300 dpi).<br \/>\n\u00b7\u00a0\u00a0\u00a0\u00a0\u00a0\u00a0\u00a0 Memoria 5000 mensajes.<br \/>\n\u00b7\u00a0\u00a0\u00a0\u00a0\u00a0\u00a0\u00a0 Panel de control de 7\u201d Touch Screen a color.<br \/>\n\u00b7\u00a0\u00a0\u00a0\u00a0\u00a0\u00a0\u00a0 Se\u00f1ales: Error, Imagen lista, encendido, impresi\u00f3n por minuto, etc.<br \/>\n\u00b7\u00a0\u00a0\u00a0\u00a0\u00a0\u00a0\u00a0 Programas de PC SAYASIS, multi-idioma (8), muy facil de operar e intuitivo.<br \/>\nComunicaci\u00f3n: RS-232, Ethernet, USB.<\/p>\n","protected":false},"excerpt":{"rendered":"<p>Equipo codificador intermitente de transferencia t\u00e9rmica SVM53C.<br \/>\nImpresora de alta calidad, eficiencia, bajos costos operativos y m\u00ednimo mantenimiento.<\/p>\n","protected":false},"featured_media":629,"comment_status":"closed","ping_status":"closed","template":"","meta":[],"product_brand":[],"product_cat":[39,38,29],"product_tag":[],"class_list":{"0":"post-628","1":"product","2":"type-product","3":"status-publish","4":"has-post-thumbnail","6":"product_cat-savema","7":"product_cat-transferencia-termica","8":"product_cat-fechadoras-y-codificadoras","10":"first","11":"instock","12":"shipping-taxable","13":"product-type-simple"},"_links":{"self":[{"href":"https:\/\/flaxuruguay.com\/web\/wp-json\/wp\/v2\/product\/628","targetHints":{"allow":["GET"]}}],"collection":[{"href":"https:\/\/flaxuruguay.com\/web\/wp-json\/wp\/v2\/product"}],"about":[{"href":"https:\/\/flaxuruguay.com\/web\/wp-json\/wp\/v2\/types\/product"}],"replies":[{"embeddable":true,"href":"https:\/\/flaxuruguay.com\/web\/wp-json\/wp\/v2\/comments?post=628"}],"wp:featuredmedia":[{"embeddable":true,"href":"https:\/\/flaxuruguay.com\/web\/wp-json\/wp\/v2\/media\/629"}],"wp:attachment":[{"href":"https:\/\/flaxuruguay.com\/web\/wp-json\/wp\/v2\/media?parent=628"}],"wp:term":[{"taxonomy":"product_brand","embeddable":true,"href":"https:\/\/flaxuruguay.com\/web\/wp-json\/wp\/v2\/product_brand?post=628"},{"taxonomy":"product_cat","embeddable":true,"href":"https:\/\/flaxuruguay.com\/web\/wp-json\/wp\/v2\/product_cat?post=628"},{"taxonomy":"product_tag","embeddable":true,"href":"https:\/\/flaxuruguay.com\/web\/wp-json\/wp\/v2\/product_tag?post=628"}],"curies":[{"name":"wp","href":"https:\/\/api.w.org\/{rel}","templated":true}]}}