{"id":645,"date":"2021-02-12T13:29:06","date_gmt":"2021-02-12T13:29:06","guid":{"rendered":"https:\/\/flaxuruguay.com\/web\/?post_type=product&#038;p=645"},"modified":"2025-09-23T16:49:03","modified_gmt":"2025-09-23T16:49:03","slug":"hs-200b","status":"publish","type":"product","link":"https:\/\/flaxuruguay.com\/web\/producto\/hs-200b\/","title":{"rendered":"HS-200B"},"content":{"rendered":"<p><img decoding=\"async\" class=\"alignnone wp-image-381 size-thumbnail\" src=\"https:\/\/flaxuruguay.com\/web\/wp-content\/uploads\/2020\/07\/cropped-iconFlax-1-150x150.png\" alt=\"icono flax\" width=\"150\" height=\"150\" srcset=\"https:\/\/flaxuruguay.com\/web\/wp-content\/uploads\/2020\/07\/cropped-iconFlax-1-150x150.png 150w, https:\/\/flaxuruguay.com\/web\/wp-content\/uploads\/2020\/07\/cropped-iconFlax-1-300x300.png 300w, https:\/\/flaxuruguay.com\/web\/wp-content\/uploads\/2020\/07\/cropped-iconFlax-1-100x100.png 100w, https:\/\/flaxuruguay.com\/web\/wp-content\/uploads\/2020\/07\/cropped-iconFlax-1-400x400.png 400w, https:\/\/flaxuruguay.com\/web\/wp-content\/uploads\/2020\/07\/cropped-iconFlax-1.png 512w\" sizes=\"(max-width: 150px) 100vw, 150px\" \/><\/p>\n<p>Puede ser utilizado para sobreimprimir de forma manual lotes de producci\u00f3n, fechas de vencimientos y elaboraci\u00f3n, n\u00fameros, textos, etc.,<br \/>\nsobre materiales de packaging flexible como ser: papel, film, pl\u00e1stico, farmac\u00e9utico, cart\u00f3n, film de aluminio y autoadhesivo<\/p>\n<p>\u00b7\u00a0\u00a0\u00a0\u00a0\u00a0\u00a0 F\u00e1cil de operar<br \/>\n\u00b7\u00a0\u00a0\u00a0\u00a0\u00a0\u00a0 Motor paso a paso.<br \/>\n\u00b7\u00a0\u00a0\u00a0\u00a0\u00a0\u00a0 Pedal de activaci\u00f3n.<br \/>\n\u00b7\u00a0\u00a0\u00a0\u00a0\u00a0\u00a0 Funci\u00f3n de activaci\u00f3n autom\u00e1tica<br \/>\n\u00b7\u00a0\u00a0\u00a0\u00a0\u00a0\u00a0 Regulador de velocidad<br \/>\n\u00b7\u00a0\u00a0\u00a0\u00a0\u00a0\u00a0 F\u00e1cil de ajustar a 1, 2 o 3 l\u00edneas de impresi\u00f3n.<br \/>\n\u00b7\u00a0\u00a0\u00a0\u00a0\u00a0\u00a0 Gran precisi\u00f3n<br \/>\n\u00b7\u00a0\u00a0\u00a0\u00a0\u00a0\u00a0 Impresi\u00f3n indeleble<br \/>\n\u00b7\u00a0\u00a0\u00a0\u00a0\u00a0\u00a0 Ideal para peque\u00f1as y medianas producciones<\/p>\n<p>&nbsp;<\/p>\n<p><iframe title=\"FECHADOR HS-200B \ud83c\udf1f\" width=\"540\" height=\"960\" src=\"https:\/\/www.youtube.com\/embed\/FFPuxKq03Oc?feature=oembed\" frameborder=\"0\" allow=\"accelerometer; autoplay; clipboard-write; encrypted-media; gyroscope; picture-in-picture; web-share\" referrerpolicy=\"strict-origin-when-cross-origin\" allowfullscreen><\/iframe><\/p>\n","protected":false},"excerpt":{"rendered":"<p>Fechador hot-stamping manual HS-200B<\/p>\n","protected":false},"featured_media":1934,"comment_status":"closed","ping_status":"closed","template":"","meta":[],"product_brand":[],"product_cat":[40,41,29],"product_tag":[],"class_list":{"0":"post-645","1":"product","2":"type-product","3":"status-publish","4":"has-post-thumbnail","6":"product_cat-fechadores-mecanicos","7":"product_cat-flax","8":"product_cat-fechadoras-y-codificadoras","10":"first","11":"instock","12":"shipping-taxable","13":"product-type-simple"},"_links":{"self":[{"href":"https:\/\/flaxuruguay.com\/web\/wp-json\/wp\/v2\/product\/645","targetHints":{"allow":["GET"]}}],"collection":[{"href":"https:\/\/flaxuruguay.com\/web\/wp-json\/wp\/v2\/product"}],"about":[{"href":"https:\/\/flaxuruguay.com\/web\/wp-json\/wp\/v2\/types\/product"}],"replies":[{"embeddable":true,"href":"https:\/\/flaxuruguay.com\/web\/wp-json\/wp\/v2\/comments?post=645"}],"wp:featuredmedia":[{"embeddable":true,"href":"https:\/\/flaxuruguay.com\/web\/wp-json\/wp\/v2\/media\/1934"}],"wp:attachment":[{"href":"https:\/\/flaxuruguay.com\/web\/wp-json\/wp\/v2\/media?parent=645"}],"wp:term":[{"taxonomy":"product_brand","embeddable":true,"href":"https:\/\/flaxuruguay.com\/web\/wp-json\/wp\/v2\/product_brand?post=645"},{"taxonomy":"product_cat","embeddable":true,"href":"https:\/\/flaxuruguay.com\/web\/wp-json\/wp\/v2\/product_cat?post=645"},{"taxonomy":"product_tag","embeddable":true,"href":"https:\/\/flaxuruguay.com\/web\/wp-json\/wp\/v2\/product_tag?post=645"}],"curies":[{"name":"wp","href":"https:\/\/api.w.org\/{rel}","templated":true}]}}