{"id":654,"date":"2021-02-12T13:35:48","date_gmt":"2021-02-12T13:35:48","guid":{"rendered":"https:\/\/flaxuruguay.com\/web\/?post_type=product&#038;p=654"},"modified":"2021-03-29T06:43:36","modified_gmt":"2021-03-29T06:43:36","slug":"uy-200","status":"publish","type":"product","link":"https:\/\/flaxuruguay.com\/web\/producto\/uy-200\/","title":{"rendered":"UY-200"},"content":{"rendered":"<p><img decoding=\"async\" class=\"alignnone wp-image-381 size-thumbnail\" src=\"https:\/\/flaxuruguay.com\/web\/wp-content\/uploads\/2020\/07\/cropped-iconFlax-1-150x150.png\" alt=\"icono flax\" width=\"150\" height=\"150\" srcset=\"https:\/\/flaxuruguay.com\/web\/wp-content\/uploads\/2020\/07\/cropped-iconFlax-1-150x150.png 150w, https:\/\/flaxuruguay.com\/web\/wp-content\/uploads\/2020\/07\/cropped-iconFlax-1-300x300.png 300w, https:\/\/flaxuruguay.com\/web\/wp-content\/uploads\/2020\/07\/cropped-iconFlax-1-100x100.png 100w, https:\/\/flaxuruguay.com\/web\/wp-content\/uploads\/2020\/07\/cropped-iconFlax-1-400x400.png 400w, https:\/\/flaxuruguay.com\/web\/wp-content\/uploads\/2020\/07\/cropped-iconFlax-1.png 512w\" sizes=\"(max-width: 150px) 100vw, 150px\" \/><\/p>\n<p><strong>FECHADOR CONTINUO APTO PARA ENVASADORAS AUTOMATICAS TIPO FLOW PACK.<\/strong><\/p>\n<p>\u00b7\u00a0\u00a0\u00a0\u00a0\u00a0\u00a0 Permite imprimir c\u00f3digos alfanum\u00e9ricos: lotes de producci\u00f3n, fechas de caducidad y elaboraci\u00f3n, n\u00fameros, textos, etc.,<br \/>\n\u00b7\u00a0\u00a0\u00a0\u00a0\u00a0\u00a0 Sistema de codificaci\u00f3n con rodillos de tinta caliente.<br \/>\n\u00b7\u00a0\u00a0\u00a0\u00a0\u00a0\u00a0 Gran adherencia a las diversas superficies.<br \/>\n\u00b7\u00a0\u00a0\u00a0\u00a0\u00a0\u00a0 Posicionamiento de impresi\u00f3n<br \/>\n\u00b7\u00a0\u00a0\u00a0\u00a0\u00a0\u00a0 Sistema de embrague, una impresi\u00f3n por paquete.<br \/>\n\u00b7\u00a0\u00a0\u00a0\u00a0\u00a0\u00a0 Regulador de temperatura de tinta<\/p>\n","protected":false},"excerpt":{"rendered":"<p>EQUIPO CODIFICADOR HOT-ROLL UY200 Embrague<\/p>\n","protected":false},"featured_media":914,"comment_status":"closed","ping_status":"closed","template":"","meta":[],"product_brand":[],"product_cat":[40,41,29],"product_tag":[],"class_list":{"0":"post-654","1":"product","2":"type-product","3":"status-publish","4":"has-post-thumbnail","6":"product_cat-fechadores-mecanicos","7":"product_cat-flax","8":"product_cat-fechadoras-y-codificadoras","10":"first","11":"instock","12":"shipping-taxable","13":"product-type-simple"},"_links":{"self":[{"href":"https:\/\/flaxuruguay.com\/web\/wp-json\/wp\/v2\/product\/654","targetHints":{"allow":["GET"]}}],"collection":[{"href":"https:\/\/flaxuruguay.com\/web\/wp-json\/wp\/v2\/product"}],"about":[{"href":"https:\/\/flaxuruguay.com\/web\/wp-json\/wp\/v2\/types\/product"}],"replies":[{"embeddable":true,"href":"https:\/\/flaxuruguay.com\/web\/wp-json\/wp\/v2\/comments?post=654"}],"wp:featuredmedia":[{"embeddable":true,"href":"https:\/\/flaxuruguay.com\/web\/wp-json\/wp\/v2\/media\/914"}],"wp:attachment":[{"href":"https:\/\/flaxuruguay.com\/web\/wp-json\/wp\/v2\/media?parent=654"}],"wp:term":[{"taxonomy":"product_brand","embeddable":true,"href":"https:\/\/flaxuruguay.com\/web\/wp-json\/wp\/v2\/product_brand?post=654"},{"taxonomy":"product_cat","embeddable":true,"href":"https:\/\/flaxuruguay.com\/web\/wp-json\/wp\/v2\/product_cat?post=654"},{"taxonomy":"product_tag","embeddable":true,"href":"https:\/\/flaxuruguay.com\/web\/wp-json\/wp\/v2\/product_tag?post=654"}],"curies":[{"name":"wp","href":"https:\/\/api.w.org\/{rel}","templated":true}]}}