{"id":696,"date":"2021-02-12T14:33:32","date_gmt":"2021-02-12T14:33:32","guid":{"rendered":"https:\/\/flaxuruguay.com\/web\/?post_type=product&#038;p=696"},"modified":"2025-09-23T16:00:30","modified_gmt":"2025-09-23T16:00:30","slug":"cl6nx-plus","status":"publish","type":"product","link":"https:\/\/flaxuruguay.com\/web\/producto\/cl6nx-plus\/","title":{"rendered":"CL6NX PLUS"},"content":{"rendered":"<p><img decoding=\"async\" class=\"alignnone size-full wp-image-695\" src=\"https:\/\/flaxuruguay.com\/web\/wp-content\/uploads\/2021\/02\/sato-logo.png\" alt=\"SATO logotipo\" width=\"116\" height=\"34\" \/><\/p>\n<p>Mejore la precisi\u00f3n y velocidad de impresi\u00f3n, y ampl\u00ede su capacidad operativa con la impresora industrial de nueva generaci\u00f3n CL4NX Plus de SATO,<br \/>\ndise\u00f1adas para integrarse a la perfecci\u00f3n en los flujos de trabajo existente.<\/p>\n<p>\u00b7\u00a0\u00a0\u00a0\u00a0\u00a0\u00a0 M\u00e9todo de impresi\u00f3n: transferencia t\u00e9rmica<br \/>\n\u00b7\u00a0\u00a0\u00a0\u00a0\u00a0\u00a0 Ancho de impresi\u00f3n: 167.5 mm &#8211; 6.5 pulg.<br \/>\n\u00b7\u00a0\u00a0\u00a0\u00a0\u00a0\u00a0 Resoluci\u00f3n de impresi\u00f3n: 203DPI (OPCIONAL 305DPI) (selecci\u00f3n autom\u00e1tica)<br \/>\n\u00b7\u00a0\u00a0\u00a0\u00a0\u00a0\u00a0 Velocidad de impresi\u00f3n: 254 mm O 10 IPS. por segundo en 203DPI<br \/>\n\u00b7\u00a0\u00a0\u00a0\u00a0\u00a0\u00a0 Pantalla: LCD en color de 3,5 pulgadas CON GUIA VISUAL DE PROCEDIMIENTOS.<br \/>\n\u00b7\u00a0\u00a0\u00a0\u00a0\u00a0\u00a0 Idiomas: 47 idiomas de impresi\u00f3n y 30 idiomas de pantalla<br \/>\n\u00b7\u00a0\u00a0\u00a0\u00a0\u00a0\u00a0 Interfaces: LAN, USB, RS232C, paralelo, EXT, BT, NFC<br \/>\n\u00b7\u00a0\u00a0\u00a0\u00a0\u00a0\u00a0 Emulaciones: Detecci\u00f3n autom\u00e1tica de SBPL, SZPL, SDPL, SIPL, STCL, SEPL<br \/>\n\u00b7\u00a0\u00a0\u00a0\u00a0\u00a0\u00a0 Dispositivos opcionales: Funci\u00f3n WLAN<br \/>\n\u00b7\u00a0\u00a0\u00a0\u00a0\u00a0\u00a0 Mantenimiento preventivo: SOS (SATO Online Services)<\/p>\n<p><img decoding=\"async\" class=\"alignnone size-full wp-image-693\" src=\"https:\/\/flaxuruguay.com\/web\/wp-content\/uploads\/2021\/02\/CL4NX-PLUS-04.png\" alt=\"SATO ONLINE SERVICES\" width=\"82\" height=\"90\" \/><\/p>\n<p><iframe title=\"\ud83d\udce6 De lo port\u00e1til a lo industrial\" width=\"540\" height=\"960\" src=\"https:\/\/www.youtube.com\/embed\/dSKxdpiVez0?feature=oembed\" frameborder=\"0\" allow=\"accelerometer; autoplay; clipboard-write; encrypted-media; gyroscope; picture-in-picture; web-share\" referrerpolicy=\"strict-origin-when-cross-origin\" allowfullscreen><\/iframe><\/p>\n","protected":false},"excerpt":{"rendered":"<p>IMPRESORA DE ETIQUETAS INDUSTRIAL CL6NX PLUS<br \/>\nImpresora T\u00e9rmica Industrial de 6&#8243;<\/p>\n","protected":false},"featured_media":697,"comment_status":"closed","ping_status":"closed","template":"","meta":[],"product_brand":[],"product_cat":[33,62,66],"product_tag":[],"class_list":{"0":"post-696","1":"product","2":"type-product","3":"status-publish","4":"has-post-thumbnail","6":"product_cat-impresoras-de-etiquetas","7":"product_cat-impresoras-de-etiquetas-industriales","8":"product_cat-sato","10":"first","11":"instock","12":"shipping-taxable","13":"product-type-simple"},"_links":{"self":[{"href":"https:\/\/flaxuruguay.com\/web\/wp-json\/wp\/v2\/product\/696","targetHints":{"allow":["GET"]}}],"collection":[{"href":"https:\/\/flaxuruguay.com\/web\/wp-json\/wp\/v2\/product"}],"about":[{"href":"https:\/\/flaxuruguay.com\/web\/wp-json\/wp\/v2\/types\/product"}],"replies":[{"embeddable":true,"href":"https:\/\/flaxuruguay.com\/web\/wp-json\/wp\/v2\/comments?post=696"}],"wp:featuredmedia":[{"embeddable":true,"href":"https:\/\/flaxuruguay.com\/web\/wp-json\/wp\/v2\/media\/697"}],"wp:attachment":[{"href":"https:\/\/flaxuruguay.com\/web\/wp-json\/wp\/v2\/media?parent=696"}],"wp:term":[{"taxonomy":"product_brand","embeddable":true,"href":"https:\/\/flaxuruguay.com\/web\/wp-json\/wp\/v2\/product_brand?post=696"},{"taxonomy":"product_cat","embeddable":true,"href":"https:\/\/flaxuruguay.com\/web\/wp-json\/wp\/v2\/product_cat?post=696"},{"taxonomy":"product_tag","embeddable":true,"href":"https:\/\/flaxuruguay.com\/web\/wp-json\/wp\/v2\/product_tag?post=696"}],"curies":[{"name":"wp","href":"https:\/\/api.w.org\/{rel}","templated":true}]}}