{"id":704,"date":"2021-02-12T14:42:05","date_gmt":"2021-02-12T14:42:05","guid":{"rendered":"https:\/\/flaxuruguay.com\/web\/?post_type=product&#038;p=704"},"modified":"2021-02-12T14:44:05","modified_gmt":"2021-02-12T14:44:05","slug":"m10e","status":"publish","type":"product","link":"https:\/\/flaxuruguay.com\/web\/producto\/m10e\/","title":{"rendered":"M10E"},"content":{"rendered":"<p><img decoding=\"async\" class=\"alignnone size-full wp-image-695\" src=\"https:\/\/flaxuruguay.com\/web\/wp-content\/uploads\/2021\/02\/sato-logo.png\" alt=\"SATO logotipo\" width=\"116\" height=\"34\" \/><\/p>\n<p>Este modelo fue dise\u00f1ado para aplicaciones de fabricaci\u00f3n. Es capaz de crear etiquetas de hasta 11,8 pulgadas de ancho a una velocidad de 5 pulgadas por segundo.<br \/>\n<strong>El cabezal de impresi\u00f3n de 10,5 pulgadas permite imprimir etiquetas de gran formato sin girar la imagen. Adem\u00e1s, posee un procesador RISC de 32 bits para un \u00f3ptimo rendimiento<\/strong><\/p>\n<p><strong>M\u00e9todo de impresi\u00f3n:<\/strong> TRANSFERENCIA T\u00c9RMICA<br \/>\n<strong>Resoluci\u00f3n de impresi\u00f3n:<\/strong> 305dpi \u2013 12 dot\/mm.<br \/>\n<strong>Ancho de impresi\u00f3n:<\/strong> 267mm \u2013 10.5 pulgadas<br \/>\n<strong>Velocidad de impresi\u00f3n:<\/strong> 127mm\/s \u2013 5 pulgadas por segundo.<br \/>\n<strong>Interfaces:<\/strong> Est\u00e1ndar, external IO<br \/>\n<strong>Memoria:<\/strong> 16MB RAM \u2013 6 MB Flash<br \/>\n<strong>Ancho de etiqueta:<\/strong> 128mm a 297mm \u2013 5.04 a 11.7 pulgadas.<\/p>\n","protected":false},"excerpt":{"rendered":"<p>M10e &#8211; La serie especial de impresoras<\/p>\n","protected":false},"featured_media":705,"comment_status":"closed","ping_status":"closed","template":"","meta":[],"product_brand":[],"product_cat":[33,62,66],"product_tag":[],"class_list":{"0":"post-704","1":"product","2":"type-product","3":"status-publish","4":"has-post-thumbnail","6":"product_cat-impresoras-de-etiquetas","7":"product_cat-impresoras-de-etiquetas-industriales","8":"product_cat-sato","10":"first","11":"instock","12":"shipping-taxable","13":"product-type-simple"},"_links":{"self":[{"href":"https:\/\/flaxuruguay.com\/web\/wp-json\/wp\/v2\/product\/704","targetHints":{"allow":["GET"]}}],"collection":[{"href":"https:\/\/flaxuruguay.com\/web\/wp-json\/wp\/v2\/product"}],"about":[{"href":"https:\/\/flaxuruguay.com\/web\/wp-json\/wp\/v2\/types\/product"}],"replies":[{"embeddable":true,"href":"https:\/\/flaxuruguay.com\/web\/wp-json\/wp\/v2\/comments?post=704"}],"wp:featuredmedia":[{"embeddable":true,"href":"https:\/\/flaxuruguay.com\/web\/wp-json\/wp\/v2\/media\/705"}],"wp:attachment":[{"href":"https:\/\/flaxuruguay.com\/web\/wp-json\/wp\/v2\/media?parent=704"}],"wp:term":[{"taxonomy":"product_brand","embeddable":true,"href":"https:\/\/flaxuruguay.com\/web\/wp-json\/wp\/v2\/product_brand?post=704"},{"taxonomy":"product_cat","embeddable":true,"href":"https:\/\/flaxuruguay.com\/web\/wp-json\/wp\/v2\/product_cat?post=704"},{"taxonomy":"product_tag","embeddable":true,"href":"https:\/\/flaxuruguay.com\/web\/wp-json\/wp\/v2\/product_tag?post=704"}],"curies":[{"name":"wp","href":"https:\/\/api.w.org\/{rel}","templated":true}]}}