{"id":706,"date":"2021-02-12T14:45:00","date_gmt":"2021-02-12T14:45:00","guid":{"rendered":"https:\/\/flaxuruguay.com\/web\/?post_type=product&#038;p=706"},"modified":"2021-02-12T14:47:11","modified_gmt":"2021-02-12T14:47:11","slug":"ws4","status":"publish","type":"product","link":"https:\/\/flaxuruguay.com\/web\/producto\/ws4\/","title":{"rendered":"WS4"},"content":{"rendered":"<p><img decoding=\"async\" class=\"alignnone size-full wp-image-695\" src=\"https:\/\/flaxuruguay.com\/web\/wp-content\/uploads\/2021\/02\/sato-logo.png\" alt=\"SATO logotipo\" width=\"116\" height=\"34\" \/><\/p>\n<p><strong>La SATO WS4 tiene un aspecto elegante y atractivo, adem\u00e1s de una alta capacidad de etiquetas para entornos industriales.<\/strong><br \/>\nEs una impresora de gran solidez, que ofrece una calidad de impresi\u00f3n excelente a un precio competitivo<\/p>\n<p>Dise\u00f1ada para satisfacer las necesidades de diferentes sectores de actividad,<br \/>\nla impresora ofrece una gran capacidad de etiquetas y un bajo coste de propiedad porque permite el uso de cintas de 300 m de longitud<br \/>\nEs ideal para aplicaciones de volumen medio, donde la fiabilidad y la adaptabilidad son factores clave.<\/p>\n<p>\u00b7\u00a0\u00a0\u00a0\u00a0\u00a0\u00a0 M\u00e9todo de impresi\u00f3n: T\u00e9rmica directa \/ transferencia t\u00e9rmica<br \/>\n\u00b7\u00a0\u00a0\u00a0\u00a0\u00a0\u00a0 Ancho de impresi\u00f3n: 104 mm (4,09 pulg.)<br \/>\n\u00b7\u00a0\u00a0\u00a0\u00a0\u00a0\u00a0 Resoluci\u00f3n de impresi\u00f3n: &#8211; 203 DPI (305 DPI opcional)<br \/>\n\u00b7\u00a0\u00a0\u00a0\u00a0\u00a0\u00a0 Largo de impresi\u00f3n: 996 mm (39.33 pulg.)<br \/>\n\u00b7\u00a0\u00a0\u00a0\u00a0\u00a0\u00a0 Velocidad de impresi\u00f3n: Hasta 152,4 mm\/seg. (6 pps)<br \/>\n\u00b7\u00a0\u00a0\u00a0\u00a0\u00a0\u00a0 Emulaciones: SBPL, SZPL, SEPL, SDPL, SIPL<br \/>\n\u00b7\u00a0\u00a0\u00a0\u00a0\u00a0\u00a0 Interfaces: USB &#8211; LAN &#8211; RS232<br \/>\n\u00b7\u00a0\u00a0\u00a0\u00a0\u00a0\u00a0 Interfaces Opcionales: WLAN y Bluetooth.<br \/>\n\u00b7\u00a0\u00a0\u00a0\u00a0\u00a0\u00a0 Ancho de etiquetas: 22,4 a 115 mm<\/p>\n","protected":false},"excerpt":{"rendered":"<p>IMPRESORA DE ETIQUETAS DE ESCRITORIO WS4<br \/>\nImpresora T\u00e9rmica de escritorio de 4&#8243;<\/p>\n","protected":false},"featured_media":707,"comment_status":"closed","ping_status":"closed","template":"","meta":[],"product_brand":[],"product_cat":[33,63,67],"product_tag":[],"class_list":{"0":"post-706","1":"product","2":"type-product","3":"status-publish","4":"has-post-thumbnail","6":"product_cat-impresoras-de-etiquetas","7":"product_cat-impresoras-de-etiquetas-de-escritorio","8":"product_cat-sato-impresoras-de-etiquetas-de-escritorio","10":"first","11":"instock","12":"shipping-taxable","13":"product-type-simple"},"_links":{"self":[{"href":"https:\/\/flaxuruguay.com\/web\/wp-json\/wp\/v2\/product\/706","targetHints":{"allow":["GET"]}}],"collection":[{"href":"https:\/\/flaxuruguay.com\/web\/wp-json\/wp\/v2\/product"}],"about":[{"href":"https:\/\/flaxuruguay.com\/web\/wp-json\/wp\/v2\/types\/product"}],"replies":[{"embeddable":true,"href":"https:\/\/flaxuruguay.com\/web\/wp-json\/wp\/v2\/comments?post=706"}],"wp:featuredmedia":[{"embeddable":true,"href":"https:\/\/flaxuruguay.com\/web\/wp-json\/wp\/v2\/media\/707"}],"wp:attachment":[{"href":"https:\/\/flaxuruguay.com\/web\/wp-json\/wp\/v2\/media?parent=706"}],"wp:term":[{"taxonomy":"product_brand","embeddable":true,"href":"https:\/\/flaxuruguay.com\/web\/wp-json\/wp\/v2\/product_brand?post=706"},{"taxonomy":"product_cat","embeddable":true,"href":"https:\/\/flaxuruguay.com\/web\/wp-json\/wp\/v2\/product_cat?post=706"},{"taxonomy":"product_tag","embeddable":true,"href":"https:\/\/flaxuruguay.com\/web\/wp-json\/wp\/v2\/product_tag?post=706"}],"curies":[{"name":"wp","href":"https:\/\/api.w.org\/{rel}","templated":true}]}}