{"id":738,"date":"2021-02-12T15:32:04","date_gmt":"2021-02-12T15:32:04","guid":{"rendered":"https:\/\/flaxuruguay.com\/web\/?post_type=product&#038;p=738"},"modified":"2025-09-19T15:14:44","modified_gmt":"2025-09-19T15:14:44","slug":"fx-1982v","status":"publish","type":"product","link":"https:\/\/flaxuruguay.com\/web\/producto\/fx-1982v\/","title":{"rendered":"FX-1982V"},"content":{"rendered":"<p><img decoding=\"async\" class=\"alignnone size-thumbnail wp-image-381\" src=\"https:\/\/flaxuruguay.com\/web\/wp-content\/uploads\/2020\/07\/cropped-iconFlax-1-150x150.png\" alt=\"icono flax\" width=\"150\" height=\"150\" srcset=\"https:\/\/flaxuruguay.com\/web\/wp-content\/uploads\/2020\/07\/cropped-iconFlax-1-150x150.png 150w, https:\/\/flaxuruguay.com\/web\/wp-content\/uploads\/2020\/07\/cropped-iconFlax-1-300x300.png 300w, https:\/\/flaxuruguay.com\/web\/wp-content\/uploads\/2020\/07\/cropped-iconFlax-1-100x100.png 100w, https:\/\/flaxuruguay.com\/web\/wp-content\/uploads\/2020\/07\/cropped-iconFlax-1-400x400.png 400w, https:\/\/flaxuruguay.com\/web\/wp-content\/uploads\/2020\/07\/cropped-iconFlax-1.png 512w\" sizes=\"(max-width: 150px) 100vw, 150px\" \/><\/p>\n<p><strong>Para ser utilizada en productos de envasado manual, cierra bolsas que contengan tanto l\u00edquidos como solido.<\/strong><br \/>\nSoporta un peso m\u00e1ximo de 3 kg., velocidad de hasta 12 metros por minuto.<br \/>\nAl mismo tiempo que cierra la bolsa, imprime lote, envasado, vencimiento.<\/p>\n<p>SELLADO PERFECTO Y PROLIJO.<\/p>\n<p>\u00b7\u00a0\u00a0\u00a0\u00a0\u00a0\u00a0 Ideal para sellar todo tipo de materiales.<br \/>\n\u00b7\u00a0\u00a0\u00a0\u00a0\u00a0\u00a0 Velocidad ajustable.<br \/>\n\u00b7\u00a0\u00a0\u00a0\u00a0\u00a0\u00a0 Control de temperatura regulable y constante<br \/>\n\u00b7\u00a0\u00a0\u00a0\u00a0\u00a0\u00a0 Imprime a la misma vez que sella.<br \/>\n\u00b7\u00a0\u00a0\u00a0\u00a0\u00a0\u00a0 Imprime caracteres claros y visibles.<br \/>\n\u00b7\u00a0\u00a0\u00a0\u00a0\u00a0\u00a0 Impresi\u00f3n de secado instant\u00e1neo, con gran adhesi\u00f3n.<br \/>\n\u00b7\u00a0\u00a0\u00a0\u00a0\u00a0\u00a0 Puede imprimir hasta 3 l\u00edneas. ( dependiendo del tama\u00f1o de los cu\u00f1os)<br \/>\n\u00b7\u00a0\u00a0\u00a0\u00a0\u00a0\u00a0 Sella e imprime bolsas de forma vertical.<br \/>\n\u00b7\u00a0 \u00a0 \u00a0 \u00a0Ancho de sellado de 10mm<br \/>\n\u00b7\u00a0\u00a0\u00a0\u00a0\u00a0\u00a0 Regulaci\u00f3n de altura del cabezal y de la cinta transportadora<\/p>\n","protected":false},"excerpt":{"rendered":"<p>SELLADORA DE BOLSA CONTINUA CON FECHADOR HOT-ROLL<\/p>\n","protected":false},"featured_media":1913,"comment_status":"closed","ping_status":"closed","template":"","meta":[],"product_brand":[],"product_cat":[52,31,48],"product_tag":[],"class_list":{"0":"post-738","1":"product","2":"type-product","3":"status-publish","4":"has-post-thumbnail","6":"product_cat-flax-cerradoras-de-bolsas-continuas","7":"product_cat-lineas-de-envasado-semi-automatico","8":"product_cat-selladoras-de-bolsas-continuas","10":"first","11":"instock","12":"shipping-taxable","13":"product-type-simple"},"_links":{"self":[{"href":"https:\/\/flaxuruguay.com\/web\/wp-json\/wp\/v2\/product\/738","targetHints":{"allow":["GET"]}}],"collection":[{"href":"https:\/\/flaxuruguay.com\/web\/wp-json\/wp\/v2\/product"}],"about":[{"href":"https:\/\/flaxuruguay.com\/web\/wp-json\/wp\/v2\/types\/product"}],"replies":[{"embeddable":true,"href":"https:\/\/flaxuruguay.com\/web\/wp-json\/wp\/v2\/comments?post=738"}],"wp:featuredmedia":[{"embeddable":true,"href":"https:\/\/flaxuruguay.com\/web\/wp-json\/wp\/v2\/media\/1913"}],"wp:attachment":[{"href":"https:\/\/flaxuruguay.com\/web\/wp-json\/wp\/v2\/media?parent=738"}],"wp:term":[{"taxonomy":"product_brand","embeddable":true,"href":"https:\/\/flaxuruguay.com\/web\/wp-json\/wp\/v2\/product_brand?post=738"},{"taxonomy":"product_cat","embeddable":true,"href":"https:\/\/flaxuruguay.com\/web\/wp-json\/wp\/v2\/product_cat?post=738"},{"taxonomy":"product_tag","embeddable":true,"href":"https:\/\/flaxuruguay.com\/web\/wp-json\/wp\/v2\/product_tag?post=738"}],"curies":[{"name":"wp","href":"https:\/\/api.w.org\/{rel}","templated":true}]}}