{"id":756,"date":"2021-02-12T15:53:49","date_gmt":"2021-02-12T15:53:49","guid":{"rendered":"https:\/\/flaxuruguay.com\/web\/?post_type=product&#038;p=756"},"modified":"2021-02-12T15:56:15","modified_gmt":"2021-02-12T15:56:15","slug":"dlfx100","status":"publish","type":"product","link":"https:\/\/flaxuruguay.com\/web\/producto\/dlfx100\/","title":{"rendered":"DLFX100"},"content":{"rendered":"<p><img decoding=\"async\" class=\"alignnone size-thumbnail wp-image-381\" src=\"https:\/\/flaxuruguay.com\/web\/wp-content\/uploads\/2020\/07\/cropped-iconFlax-1-150x150.png\" alt=\"icono flax\" width=\"150\" height=\"150\" srcset=\"https:\/\/flaxuruguay.com\/web\/wp-content\/uploads\/2020\/07\/cropped-iconFlax-1-150x150.png 150w, https:\/\/flaxuruguay.com\/web\/wp-content\/uploads\/2020\/07\/cropped-iconFlax-1-300x300.png 300w, https:\/\/flaxuruguay.com\/web\/wp-content\/uploads\/2020\/07\/cropped-iconFlax-1-100x100.png 100w, https:\/\/flaxuruguay.com\/web\/wp-content\/uploads\/2020\/07\/cropped-iconFlax-1-400x400.png 400w, https:\/\/flaxuruguay.com\/web\/wp-content\/uploads\/2020\/07\/cropped-iconFlax-1.png 512w\" sizes=\"(max-width: 150px) 100vw, 150px\" \/><\/p>\n<p><strong>Est\u00e1 dise\u00f1ada para el llenado de cualquier tipo de l\u00edquidos<\/strong><br \/>\nRango de llenado de 10 a 100 ml.<\/p>\n<p>\u00b7\u00a0\u00a0\u00a0\u00a0\u00a0\u00a0 Pico dosificador con sistema antigoteo<br \/>\n\u00b7\u00a0\u00a0\u00a0\u00a0\u00a0\u00a0 Gran precisi\u00f3n en el llenado.<br \/>\n\u00b7\u00a0\u00a0\u00a0\u00a0\u00a0\u00a0 Estructura en acero Inoxidable #304<br \/>\n\u00b7\u00a0\u00a0\u00a0\u00a0\u00a0\u00a0 Regulaci\u00f3n sencilla para los distintos vol\u00famenes de envasado<br \/>\n\u00b7\u00a0\u00a0\u00a0\u00a0\u00a0\u00a0 Regulaci\u00f3n de flujo de caudal independiente<br \/>\n\u00b7\u00a0\u00a0\u00a0\u00a0\u00a0\u00a0 Manometro de presi\u00f3n de aire<br \/>\n\u00b7\u00a0\u00a0\u00a0\u00a0\u00a0\u00a0 Pedal de accionamiento<br \/>\n\u00b7\u00a0\u00a0\u00a0\u00a0\u00a0\u00a0 Totalmente desmontable<br \/>\n\u00b7\u00a0\u00a0\u00a0\u00a0\u00a0\u00a0 F\u00e1cil limpieza<br \/>\n\u00b7\u00a0\u00a0\u00a0\u00a0\u00a0\u00a0 F\u00e1cil montaje en lugares reducidos por su peque\u00f1o tama\u00f1o.<\/p>\n<p>&nbsp;<\/p>\n","protected":false},"excerpt":{"rendered":"<p>Dispensadora de liquidos semi automatica DLFX100<\/p>\n","protected":false},"featured_media":757,"comment_status":"closed","ping_status":"closed","template":"","meta":[],"product_brand":[],"product_cat":[49,53,31],"product_tag":[],"class_list":{"0":"post-756","1":"product","2":"type-product","3":"status-publish","4":"has-post-thumbnail","6":"product_cat-dispensadoras-de-liquidos-semi-automaticas","7":"product_cat-flax-dispensadoras-de-liquidos-semi-automaticas","8":"product_cat-lineas-de-envasado-semi-automatico","10":"first","11":"instock","12":"shipping-taxable","13":"product-type-simple"},"_links":{"self":[{"href":"https:\/\/flaxuruguay.com\/web\/wp-json\/wp\/v2\/product\/756","targetHints":{"allow":["GET"]}}],"collection":[{"href":"https:\/\/flaxuruguay.com\/web\/wp-json\/wp\/v2\/product"}],"about":[{"href":"https:\/\/flaxuruguay.com\/web\/wp-json\/wp\/v2\/types\/product"}],"replies":[{"embeddable":true,"href":"https:\/\/flaxuruguay.com\/web\/wp-json\/wp\/v2\/comments?post=756"}],"wp:featuredmedia":[{"embeddable":true,"href":"https:\/\/flaxuruguay.com\/web\/wp-json\/wp\/v2\/media\/757"}],"wp:attachment":[{"href":"https:\/\/flaxuruguay.com\/web\/wp-json\/wp\/v2\/media?parent=756"}],"wp:term":[{"taxonomy":"product_brand","embeddable":true,"href":"https:\/\/flaxuruguay.com\/web\/wp-json\/wp\/v2\/product_brand?post=756"},{"taxonomy":"product_cat","embeddable":true,"href":"https:\/\/flaxuruguay.com\/web\/wp-json\/wp\/v2\/product_cat?post=756"},{"taxonomy":"product_tag","embeddable":true,"href":"https:\/\/flaxuruguay.com\/web\/wp-json\/wp\/v2\/product_tag?post=756"}],"curies":[{"name":"wp","href":"https:\/\/api.w.org\/{rel}","templated":true}]}}