{"id":772,"date":"2021-02-12T16:13:43","date_gmt":"2021-02-12T16:13:43","guid":{"rendered":"https:\/\/flaxuruguay.com\/web\/?post_type=product&#038;p=772"},"modified":"2025-09-23T14:56:13","modified_gmt":"2025-09-23T14:56:13","slug":"fxmt-200a","status":"publish","type":"product","link":"https:\/\/flaxuruguay.com\/web\/producto\/fxmt-200a\/","title":{"rendered":"FXMT-200A"},"content":{"rendered":"<p><img decoding=\"async\" class=\"alignnone size-thumbnail wp-image-381\" src=\"https:\/\/flaxuruguay.com\/web\/wp-content\/uploads\/2020\/07\/cropped-iconFlax-1-150x150.png\" alt=\"icono flax\" width=\"150\" height=\"150\" srcset=\"https:\/\/flaxuruguay.com\/web\/wp-content\/uploads\/2020\/07\/cropped-iconFlax-1-150x150.png 150w, https:\/\/flaxuruguay.com\/web\/wp-content\/uploads\/2020\/07\/cropped-iconFlax-1-300x300.png 300w, https:\/\/flaxuruguay.com\/web\/wp-content\/uploads\/2020\/07\/cropped-iconFlax-1-100x100.png 100w, https:\/\/flaxuruguay.com\/web\/wp-content\/uploads\/2020\/07\/cropped-iconFlax-1-400x400.png 400w, https:\/\/flaxuruguay.com\/web\/wp-content\/uploads\/2020\/07\/cropped-iconFlax-1.png 512w\" sizes=\"(max-width: 150px) 100vw, 150px\" \/><\/p>\n<p><strong>Llenadora de l\u00edquido autom\u00e1tica de doble pico de llenado, dise\u00f1ada para trabajos de precisi\u00f3n y calidad aumentando la productividad, eficiencia y reducci\u00f3n de costos operativos<\/strong><br \/>\nPuede utilizarse para varios productos como puede ser aceite, Shampoo, salsas, lubricantes, l\u00edquidos, etc.<br \/>\nRango de llenado de 50 a 1000 ml. Por pico<\/p>\n<p>\u00b7\u00a0\u00a0\u00a0\u00a0\u00a0\u00a0 PLC programable por pantalla t\u00e1ctil 7&#8243; color<br \/>\n\u00b7\u00a0\u00a0\u00a0\u00a0\u00a0\u00a0 Interface sencilla e intuitiva<br \/>\n\u00b7\u00a0\u00a0\u00a0\u00a0\u00a0\u00a0 Par\u00e1metros en espa\u00f1ol<br \/>\n\u00b7\u00a0\u00a0\u00a0\u00a0\u00a0\u00a0 Equipo elaborado en acero inoxidable # 304.<br \/>\n\u00b7\u00a0\u00a0\u00a0\u00a0\u00a0\u00a0 2 cabezales de llenado simult\u00e1neos.<br \/>\n\u00b7\u00a0\u00a0\u00a0\u00a0\u00a0\u00a0 Parada autom\u00e1tica de botellas para el llenado.<br \/>\n\u00b7\u00a0\u00a0\u00a0\u00a0\u00a0\u00a0 Sistema de posicionamiento exacto de botellas para evitar perdida de l\u00edquidos.<br \/>\n\u00b7\u00a0\u00a0\u00a0\u00a0\u00a0\u00a0 Bot\u00f3n de parada de emergencia.<br \/>\n\u00b7\u00a0\u00a0\u00a0\u00a0\u00a0\u00a0 Regulador de flujo<br \/>\n\u00b7\u00a0\u00a0\u00a0\u00a0\u00a0\u00a0 Velocidad de trabajo: 1000 botellas hora aprox.<br \/>\n\u00b7\u00a0\u00a0\u00a0\u00a0\u00a0\u00a0 Rango de error de llenado 0.5% a 1%<br \/>\n\u00b7\u00a0\u00a0\u00a0\u00a0\u00a0\u00a0 Rango de llenado 100ml a 1000ml<br \/>\n\u00b7\u00a0 \u00a0 \u00a0 \u00a0Totalmente desmontable.<br \/>\n\u00b7\u00a0\u00a0\u00a0\u00a0\u00a0\u00a0 F\u00e1cil limpieza.<\/p>\n","protected":false},"excerpt":{"rendered":"<p>Llenadora de l\u00edquido autom\u00e1tica FXMT-200A<\/p>\n","protected":false},"featured_media":776,"comment_status":"closed","ping_status":"closed","template":"","meta":[],"product_brand":[],"product_cat":[77,78,30],"product_tag":[],"class_list":{"0":"post-772","1":"product","2":"type-product","3":"status-publish","4":"has-post-thumbnail","6":"product_cat-envasadoras-de-liquidos","7":"product_cat-flax-envasadoras-de-liquidos","8":"product_cat-envasadoras","10":"first","11":"instock","12":"shipping-taxable","13":"product-type-simple"},"_links":{"self":[{"href":"https:\/\/flaxuruguay.com\/web\/wp-json\/wp\/v2\/product\/772","targetHints":{"allow":["GET"]}}],"collection":[{"href":"https:\/\/flaxuruguay.com\/web\/wp-json\/wp\/v2\/product"}],"about":[{"href":"https:\/\/flaxuruguay.com\/web\/wp-json\/wp\/v2\/types\/product"}],"replies":[{"embeddable":true,"href":"https:\/\/flaxuruguay.com\/web\/wp-json\/wp\/v2\/comments?post=772"}],"wp:featuredmedia":[{"embeddable":true,"href":"https:\/\/flaxuruguay.com\/web\/wp-json\/wp\/v2\/media\/776"}],"wp:attachment":[{"href":"https:\/\/flaxuruguay.com\/web\/wp-json\/wp\/v2\/media?parent=772"}],"wp:term":[{"taxonomy":"product_brand","embeddable":true,"href":"https:\/\/flaxuruguay.com\/web\/wp-json\/wp\/v2\/product_brand?post=772"},{"taxonomy":"product_cat","embeddable":true,"href":"https:\/\/flaxuruguay.com\/web\/wp-json\/wp\/v2\/product_cat?post=772"},{"taxonomy":"product_tag","embeddable":true,"href":"https:\/\/flaxuruguay.com\/web\/wp-json\/wp\/v2\/product_tag?post=772"}],"curies":[{"name":"wp","href":"https:\/\/api.w.org\/{rel}","templated":true}]}}